{"id":2380,"date":"2023-01-31T10:38:47","date_gmt":"2023-01-31T10:38:47","guid":{"rendered":"https:\/\/madlhof.at\/madlladl\/"},"modified":"2023-07-20T11:41:27","modified_gmt":"2023-07-20T11:41:27","slug":"madlladl","status":"publish","type":"page","link":"https:\/\/madlhof.at\/en\/madlladl\/","title":{"rendered":"MadlLadl"},"content":{"rendered":"<p>[et_pb_section fb_built=&#8221;1&#8243; make_equal=&#8221;on&#8221; specialty=&#8221;on&#8221; custom_padding_last_edited=&#8221;on|phone&#8221; bg_img_2=&#8221;https:\/\/madlhof.at\/wp-content\/uploads\/2023\/01\/DSC07824.jpg&#8221; background_position_2=&#8221;center&#8221; use_background_color_gradient_2=&#8221;off&#8221; background_color_gradient_stops_2=&#8221;#000000 0%|rgba(0,0,0,0) 65%&#8221; background_color_gradient_start_2=&#8221;#000000&#8243; background_color_gradient_end_2=&#8221;rgba(0,0,0,0)&#8221; background_color_gradient_start_position_2=&#8221;0%&#8221; background_color_gradient_end_position_2=&#8221;65%&#8221; background_color_gradient_overlays_image_2=&#8221;on&#8221; padding_top_2=&#8221;0px&#8221; padding_bottom_1=&#8221;20vw&#8221; admin_label=&#8221;Header&#8221; _builder_version=&#8221;4.19.4&#8243; use_background_color_gradient=&#8221;on&#8221; background_color_gradient_stops=&#8221;#ffffff 20%|rgba(255,255,255,0) 100%&#8221; background_color_gradient_overlays_image=&#8221;on&#8221; background_color_gradient_start=&#8221;#ffffff&#8221; background_color_gradient_start_position=&#8221;20%&#8221; background_color_gradient_end=&#8221;rgba(255,255,255,0)&#8221; background_image=&#8221;https:\/\/madlhof.at\/wp-content\/uploads\/2023\/01\/DSC07813-Pano-2000.jpg&#8221; inner_width=&#8221;100%&#8221; inner_max_width=&#8221;100%&#8221; custom_margin=&#8221;16vw||&#8221; custom_margin_tablet=&#8221;0vw||&#8221; custom_margin_phone=&#8221;&#8221; custom_margin_last_edited=&#8221;on|desktop&#8221; custom_padding=&#8221;0|0|0|10vw|false|false&#8221; custom_padding_tablet=&#8221;80px|10vw||10vw||true&#8221; custom_padding_phone=&#8221;|||||false&#8221; use_custom_width=&#8221;on&#8221; width_unit=&#8221;off&#8221; custom_width_percent=&#8221;100%&#8221; locked=&#8221;off&#8221; global_colors_info=&#8221;{}&#8221;][et_pb_column type=&#8221;2_3&#8243; specialty_columns=&#8221;2&#8243; _builder_version=&#8221;4.16&#8243; custom_padding=&#8221;|||&#8221; global_colors_info=&#8221;{}&#8221; parallax__hover=&#8221;off&#8221; parallax_method__hover=&#8221;on&#8221; custom_padding__hover=&#8221;|||&#8221;][et_pb_row_inner custom_padding_last_edited=&#8221;on|tablet&#8221; _builder_version=&#8221;4.16&#8243; custom_padding=&#8221;0|30px||30px|false|true&#8221; custom_padding_tablet=&#8221;|0px||0px||true&#8221; custom_padding_phone=&#8221;&#8221; global_colors_info=&#8221;{}&#8221;][et_pb_column_inner saved_specialty_column_type=&#8221;2_3&#8243; _builder_version=&#8221;4.16&#8243; custom_padding=&#8221;|||&#8221; global_colors_info=&#8221;{}&#8221; parallax__hover=&#8221;off&#8221; parallax_method__hover=&#8221;on&#8221; custom_padding__hover=&#8221;|||&#8221;][et_pb_text _builder_version=&#8221;4.16&#8243; text_font=&#8221;||||||||&#8221; text_line_height=&#8221;2em&#8221; header_font=&#8221;Gilda Display||||||||&#8221; header_text_color=&#8221;#000000&#8243; header_font_size=&#8221;7vw&#8221; header_line_height=&#8221;1.3em&#8221; header_2_font=&#8221;|700||on|||||&#8221; header_2_font_size=&#8221;16px&#8221; header_2_letter_spacing=&#8221;6px&#8221; header_2_line_height=&#8221;2em&#8221; header_3_font=&#8221;||||||||&#8221; text_orientation=&#8221;center&#8221; custom_margin=&#8221;-7.5vw||||false&#8221; custom_margin_tablet=&#8221;0vw||20px&#8221; custom_margin_phone=&#8221;&#8221; custom_margin_last_edited=&#8221;on|desktop&#8221; header_font_size_tablet=&#8221;10vw&#8221; header_font_size_phone=&#8221;&#8221; header_font_size_last_edited=&#8221;on|phone&#8221; header_2_font_size_phone=&#8221;12px&#8221; header_text_shadow_style=&#8221;preset3&#8243; header_text_shadow_vertical_length=&#8221;0.03em&#8221; header_text_shadow_color=&#8221;#ffffff&#8221; locked=&#8221;off&#8221; global_colors_info=&#8221;{}&#8221; header_3_font_size__hover=&#8221;22px&#8221; header_3_font_size__hover_enabled=&#8221;22px&#8221; header_3_letter_spacing__hover=&#8221;0px&#8221; header_3_letter_spacing__hover_enabled=&#8221;0px&#8221; header_3_line_height__hover=&#8221;1em&#8221; header_3_line_height__hover_enabled=&#8221;1em&#8221; header_3_text_shadow_style__hover=&#8221;none&#8221; header_3_text_shadow_style__hover_enabled=&#8221;none&#8221; header_3_text_shadow_color__hover=&#8221;rgba(0,0,0,0.4)&#8221; header_3_text_shadow_color__hover_enabled=&#8221;rgba(0,0,0,0.4)&#8221;]<\/p>\n<h2>Genuss und Punkt:<\/h2>\n<h1>Das MadlLadl<\/h1>\n<p>[\/et_pb_text][et_pb_text _builder_version=&#8221;4.19.4&#8243; text_font=&#8221;||||||||&#8221; text_line_height=&#8221;2em&#8221; text_orientation=&#8221;center&#8221; max_width=&#8221;700px&#8221; module_alignment=&#8221;center&#8221; custom_margin=&#8221;||25px|||&#8221; global_colors_info=&#8221;{}&#8221;]<\/p>\n<p>Im Madlhof mit seinen Apartments erwartet Sie unser MadlLadl mit k\u00f6stlichen Spezialit\u00e4ten von unserem Hof und von den Bauern der Region. Unser Motto: Qualit\u00e4t statt Quantit\u00e4t. Klasse statt Masse. Deshalb bieten wir Ihnen in unserem kleinen, aber feinen Kr\u00e4merladen eine Auswahl unserer hofeigenen Bio-Produkte an.<\/p>\n<p>[\/et_pb_text][et_pb_text _builder_version=&#8221;4.19.4&#8243; text_font=&#8221;Open Sans|700|||||||&#8221; text_line_height=&#8221;2em&#8221; text_orientation=&#8221;center&#8221; max_width=&#8221;700px&#8221; module_alignment=&#8221;center&#8221; global_colors_info=&#8221;{}&#8221;]<\/p>\n<p>Open always Saturdays from 08:30 to 12:00<\/p>\n<p>[\/et_pb_text][\/et_pb_column_inner][\/et_pb_row_inner][\/et_pb_column][et_pb_column type=&#8221;1_3&#8243; _builder_version=&#8221;4.16&#8243; custom_padding=&#8221;|||&#8221; global_colors_info=&#8221;{}&#8221; padding_top__hover=&#8221;0px&#8221; bg_img__hover=&#8221;http:\/\/ishtiaq.sandbox.etdevs.com\/divi\/wp-content\/uploads\/sites\/2\/2019\/01\/spa_hotel_02.jpg&#8221; parallax__hover=&#8221;off&#8221; parallax_method__hover=&#8221;on&#8221; custom_padding__hover=&#8221;|||&#8221;][et_pb_text _builder_version=&#8221;4.19.4&#8243; _dynamic_attributes=&#8221;link_option_url&#8221; text_font=&#8221;|700||on|||||&#8221; text_text_color=&#8221;#ffffff&#8221; text_letter_spacing=&#8221;6px&#8221; text_line_height=&#8221;1.6em&#8221; background_color=&#8221;#ffa30f&#8221; background_color_gradient_direction=&#8221;90deg&#8221; text_orientation=&#8221;center&#8221; custom_margin_tablet=&#8221;&#8221; custom_margin_phone=&#8221;&#8221; custom_margin_last_edited=&#8221;on|tablet&#8221; custom_padding=&#8221;80px|40px|80px|40px|true|true&#8221; custom_padding_tablet=&#8221;40px||40px||true&#8221; custom_padding_phone=&#8221;&#8221; custom_padding_last_edited=&#8221;on|tablet&#8221; link_option_url=&#8221;@ET-DC@eyJkeW5hbWljIjp0cnVlLCJjb250ZW50IjoicG9zdF9saW5rX3VybF9wYWdlIiwic2V0dGluZ3MiOnsicG9zdF9pZCI6IjIwMCJ9fQ==@&#8221; box_shadow_style=&#8221;preset3&#8243; box_shadow_horizontal=&#8221;15px&#8221; box_shadow_vertical=&#8221;46px&#8221; box_shadow_blur=&#8221;64px&#8221; box_shadow_spread=&#8221;-20px&#8221; box_shadow_color=&#8221;rgba(1,4,66,0.44)&#8221; locked=&#8221;off&#8221; global_colors_info=&#8221;{}&#8221; background__hover_enabled=&#8221;on&#8221; background_color__hover=&#8221;#ffb238&#8243; text_text_color__hover=&#8221;#ffffff&#8221;]<\/p>\n<p>Book now<\/p>\n<p>[\/et_pb_text][\/et_pb_column][\/et_pb_section][et_pb_section fb_built=&#8221;1&#8243; admin_label=&#8221;Menu&#8221; _builder_version=&#8221;4.16&#8243; custom_padding=&#8221;0|0px|125px|0px|false|false&#8221; global_colors_info=&#8221;{}&#8221;][et_pb_row custom_padding_last_edited=&#8221;on|tablet&#8221; padding_left_right_link_4=&#8221;false&#8221; _builder_version=&#8221;4.16&#8243; background_color=&#8221;#ffffff&#8221; custom_margin=&#8221;||&#8221; custom_margin_tablet=&#8221;|||&#8221; custom_margin_last_edited=&#8221;off|desktop&#8221; custom_padding=&#8221;80px|40px|80px|40px|true|true&#8221; custom_padding_tablet=&#8221;||&#8221; custom_padding_phone=&#8221;&#8221; box_shadow_style=&#8221;preset3&#8243; box_shadow_blur=&#8221;100px&#8221; box_shadow_spread=&#8221;-16px&#8221; box_shadow_color=&#8221;rgba(0,0,0,0.14)&#8221; locked=&#8221;off&#8221; global_colors_info=&#8221;{}&#8221;][et_pb_column type=&#8221;4_4&#8243; _builder_version=&#8221;4.16&#8243; custom_padding=&#8221;|||&#8221; global_colors_info=&#8221;{}&#8221; custom_padding__hover=&#8221;|||&#8221;][et_pb_text _builder_version=&#8221;4.19.4&#8243; text_line_height=&#8221;2em&#8221; header_2_font_size=&#8221;60px&#8221; text_orientation=&#8221;center&#8221; header_2_font_size_tablet=&#8221;40px&#8221; header_2_font_size_phone=&#8221;30px&#8221; locked=&#8221;off&#8221; global_colors_info=&#8221;{}&#8221;]<\/p>\n<h2>Ein genussvolles Potpourri <br \/>f\u00fcr Fr\u00fchst\u00fcck und Jause<\/h2>\n<p>[\/et_pb_text][et_pb_text _builder_version=&#8221;4.19.4&#8243; text_line_height=&#8221;2em&#8221; ul_text_align=&#8221;left&#8221; header_2_font_size=&#8221;60px&#8221; max_width=&#8221;800px&#8221; module_alignment=&#8221;center&#8221; header_2_font_size_tablet=&#8221;40px&#8221; header_2_font_size_phone=&#8221;30px&#8221; locked=&#8221;off&#8221; global_colors_info=&#8221;{}&#8221;]<\/p>\n<ul>\n<li>Milk and dairy products (butter, cheese)<\/li>\n<li>Organic beef stew (goulash\/bolognese\/roast beef) from our own production<\/li>\n<li>Sausage and ham<\/li>\n<li>Bread and rolls<\/li>\n<li>Fruit spreads and chutneys<\/li>\n<li>Juices and alcoholic beverages (beer and wines)<\/li>\n<li>Eggs, flour, pasta<\/li>\n<li>Herbs<\/li>\n<li>Vegetables<\/li>\n<li>Coffee\/tea<\/li>\n<li>Sweets, chocolates<\/li>\n<\/ul>\n<p><strong>And much more!<\/strong><\/p>\n<p>[\/et_pb_text][et_pb_gallery gallery_ids=&#8221;274,275,276,277&#8243; show_title_and_caption=&#8221;off&#8221; show_pagination=&#8221;off&#8221; _builder_version=&#8221;4.19.4&#8243; _module_preset=&#8221;default&#8221; global_colors_info=&#8221;{}&#8221;][\/et_pb_gallery][\/et_pb_column][\/et_pb_row][\/et_pb_section][et_pb_section fb_built=&#8221;1&#8243; _builder_version=&#8221;4.16&#8243; _module_preset=&#8221;default&#8221; custom_padding=&#8221;0px||1px|||&#8221; global_colors_info=&#8221;{}&#8221;][et_pb_row column_structure=&#8221;1_2,1_2&#8243; _builder_version=&#8221;4.19.4&#8243; _module_preset=&#8221;default&#8221; global_colors_info=&#8221;{}&#8221;][et_pb_column type=&#8221;1_2&#8243; _builder_version=&#8221;4.19.4&#8243; _module_preset=&#8221;default&#8221; custom_padding=&#8221;84px||||false|false&#8221; global_colors_info=&#8221;{}&#8221;][et_pb_text _builder_version=&#8221;4.19.4&#8243; text_line_height=&#8221;2em&#8221; header_2_font_size=&#8221;60px&#8221; header_3_text_align=&#8221;left&#8221; text_orientation=&#8221;center&#8221; header_2_font_size_tablet=&#8221;40px&#8221; header_2_font_size_phone=&#8221;30px&#8221; header_3_font_size_tablet=&#8221;2.4vw&#8221; header_3_font_size_phone=&#8221;6.5vw&#8221; header_3_font_size_last_edited=&#8221;on|phone&#8221; locked=&#8221;off&#8221; global_colors_info=&#8221;{}&#8221;]<\/p>\n<h3>Knows no closing time:<br \/>our vending machine<\/h3>\n<p>[\/et_pb_text][et_pb_text _builder_version=&#8221;4.19.4&#8243; _module_preset=&#8221;default&#8221; max_width=&#8221;71%&#8221; global_colors_info=&#8221;{}&#8221;]<\/p>\n<p>If the MadlLadl is not open or you feel like fine regional delicacies at a later hour &#8211; do not despair! Next to the MadlLadl you will find a practical warning machine, thanks to which you can get our products at any time of the day or night. 24 hours a day. 7 days a week. Always there for you.<\/p>\n<p>[\/et_pb_text][\/et_pb_column][et_pb_column type=&#8221;1_2&#8243; _builder_version=&#8221;4.16&#8243; _module_preset=&#8221;default&#8221; global_colors_info=&#8221;{}&#8221;][et_pb_divider show_divider=&#8221;off&#8221; admin_label=&#8221;Main Image&#8221; _builder_version=&#8221;4.19.4&#8243; _module_preset=&#8221;default&#8221; background_image=&#8221;https:\/\/madlhof.at\/wp-content\/uploads\/2023\/01\/DSC02949-Bearbeitet.jpg&#8221; vertical_offset=&#8221;10px&#8221; z_index=&#8221;2&#8243; width=&#8221;59%&#8221; width_tablet=&#8221;59%&#8221; width_phone=&#8221;59%&#8221; width_last_edited=&#8221;on|desktop&#8221; height=&#8221;629px&#8221; height_tablet=&#8221;500px&#8221; height_phone=&#8221;300px&#8221; height_last_edited=&#8221;on|tablet&#8221; custom_margin=&#8221;30px|||50px|false|false&#8221; custom_margin_tablet=&#8221;&#8221; custom_margin_phone=&#8221;|||10px|false|false&#8221; custom_margin_last_edited=&#8221;on|phone&#8221; border_radii=&#8221;on|15px|15px|15px|15px&#8221; global_colors_info=&#8221;{}&#8221;][\/et_pb_divider][et_pb_code admin_label=&#8221;Shape Two&#8221; _builder_version=&#8221;4.19.4&#8243; _module_preset=&#8221;default&#8221; positioning=&#8221;absolute&#8221; position_origin_a=&#8221;top_right&#8221; vertical_offset=&#8221;0px&#8221; horizontal_offset=&#8221;280px&#8221; z_index=&#8221;9&#8243; width=&#8221;80px&#8221; height=&#8221;80px&#8221; border_radii=&#8221;on|50%|50%|50%|50%&#8221; border_width_all=&#8221;15px&#8221; border_color_all=&#8221;gcid-5970e172-1ecb-4e2f-a6b2-059efd49a7d8&#8243; global_colors_info=&#8221;{%22gcid-5970e172-1ecb-4e2f-a6b2-059efd49a7d8%22:%91%22border_color_all%22%93}&#8221;][\/et_pb_code][et_pb_code admin_label=&#8221;Shape One&#8221; _builder_version=&#8221;4.19.4&#8243; _module_preset=&#8221;default&#8221; background_color=&#8221;#f1f1f1&#8243; positioning=&#8221;absolute&#8221; position_origin_a=&#8221;top_right&#8221; vertical_offset=&#8221;-83px&#8221; horizontal_offset=&#8221;207px&#8221; z_index=&#8221;1&#8243; width=&#8221;250px&#8221; height=&#8221;250px&#8221; custom_css_main_element=&#8221;-webkit-mask-image: url(%22data:image\/svg+xml;base64,PD94bWwgdmVyc2lvbj0iMS4wIiBlbmNvZGluZz0iVVRGLTgiIHN0YW5kYWxvbmU9Im5vIj8+PCFET0NUWVBFIHN2ZyBQVUJMSUMgIi0vL1czQy8vRFREIFNWRyAxLjEvL0VOIiAiaHR0cDovL3d3dy53My5vcmcvR3JhcGhpY3MvU1ZHLzEuMS9EVEQvc3ZnMTEuZHRkIj48c3ZnIHdpZHRoPSIxMDAlIiBoZWlnaHQ9IjEwMCUiIHZpZXdCb3g9IjAgMCAzIDMiIHZlcnNpb249IjEuMSIgeG1sbnM9Imh0dHA6Ly93d3cudzMub3JnLzIwMDAvc3ZnIiB4bWxuczp4bGluaz0iaHR0cDovL3d3dy53My5vcmcvMTk5OS94bGluayIgeG1sOnNwYWNlPSJwcmVzZXJ2ZSIgeG1sbnM6c2VyaWY9Imh0dHA6Ly93d3cuc2VyaWYuY29tLyIgc3R5bGU9ImZpbGwtcnVsZTpldmVub2RkO2NsaXAtcnVsZTpldmVub2RkO3N0cm9rZS1saW5lam9pbjpyb3VuZDtzdHJva2UtbWl0ZXJsaW1pdDoyOyI+PHBhdGggZD0iTTIuMDY4LDEuMjk3YzAsMC4yMDQgLTAuMDg0LDAuNDA1IC0wLjIyNiwwLjU0OWMtMC4xNDQsMC4xNDIgLTAuMzQ0LDAuMjI4IC0wLjU0NiwwLjIyOGMtMC4yMDUsLTAgLTAuNDA3LC0wLjA4NiAtMC41NDksLTAuMjI4Yy0wLjI4NywtMC4yOTEgLTAuMjg3LC0wLjgwNSAtMCwtMS4wOTVjMC4xNDIsLTAuMTQyIDAuMzQ0LC0wLjIyNSAwLjU0OSwtMC4yMjVjMC4yMDIsMCAwLjQwMiwwLjA4MyAwLjU0NiwwLjIyNWMwLjE0MiwwLjE0NyAwLjIyNiwwLjM0NCAwLjIyNiwwLjU0NiIgc3R5bGU9ImZpbGwtcnVsZTpub256ZXJvOyIvPjwvc3ZnPg==%22);||-webkit-mask-repeat: repeat;||-webkit-mask-size: 7px 10px;&#8221; border_radii=&#8221;on|15px|15px|15px|15px&#8221; global_colors_info=&#8221;{}&#8221;][\/et_pb_code][et_pb_code admin_label=&#8221;Background Shape&#8221; _builder_version=&#8221;4.19.4&#8243; _module_preset=&#8221;default&#8221; positioning=&#8221;absolute&#8221; position_origin_a=&#8221;bottom_left&#8221; vertical_offset=&#8221;-41px&#8221; horizontal_offset=&#8221;21px&#8221; z_index=&#8221;1&#8243; horizontal_offset_tablet=&#8221;&#8221; horizontal_offset_phone=&#8221;-5px&#8221; horizontal_offset_last_edited=&#8221;on|phone&#8221; width=&#8221;57%&#8221; height=&#8221;90%&#8221; border_radii=&#8221;on|15px|15px|15px|15px&#8221; border_width_all=&#8221;90px&#8221; border_color_all=&#8221;gcid-5970e172-1ecb-4e2f-a6b2-059efd49a7d8&#8243; global_colors_info=&#8221;{%22gcid-5970e172-1ecb-4e2f-a6b2-059efd49a7d8%22:%91%22border_color_all%22%93}&#8221;][\/et_pb_code][\/et_pb_column][\/et_pb_row][\/et_pb_section]<\/p>\n","protected":false},"excerpt":{"rendered":"<p>Genuss und Punkt: Das MadlLadlIm Madlhof mit seinen Apartments erwartet Sie unser MadlLadl mit k\u00f6stlichen Spezialit\u00e4ten von unserem Hof und von den Bauern der Region. Unser Motto: Qualit\u00e4t statt Quantit\u00e4t. Klasse statt Masse. Deshalb bieten wir Ihnen in unserem kleinen, aber feinen Kr\u00e4merladen eine Auswahl unserer hofeigenen Bio-Produkte an.Open always Saturdays from 08:30 to 12:00Book [&hellip;]<\/p>\n","protected":false},"author":1,"featured_media":0,"parent":0,"menu_order":0,"comment_status":"closed","ping_status":"closed","template":"","meta":{"_et_pb_use_builder":"on","_et_pb_old_content":"","_et_gb_content_width":"","footnotes":""},"class_list":["post-2380","page","type-page","status-publish","hentry"],"_links":{"self":[{"href":"https:\/\/madlhof.at\/en\/wp-json\/wp\/v2\/pages\/2380","targetHints":{"allow":["GET"]}}],"collection":[{"href":"https:\/\/madlhof.at\/en\/wp-json\/wp\/v2\/pages"}],"about":[{"href":"https:\/\/madlhof.at\/en\/wp-json\/wp\/v2\/types\/page"}],"author":[{"embeddable":true,"href":"https:\/\/madlhof.at\/en\/wp-json\/wp\/v2\/users\/1"}],"replies":[{"embeddable":true,"href":"https:\/\/madlhof.at\/en\/wp-json\/wp\/v2\/comments?post=2380"}],"version-history":[{"count":8,"href":"https:\/\/madlhof.at\/en\/wp-json\/wp\/v2\/pages\/2380\/revisions"}],"predecessor-version":[{"id":2964,"href":"https:\/\/madlhof.at\/en\/wp-json\/wp\/v2\/pages\/2380\/revisions\/2964"}],"wp:attachment":[{"href":"https:\/\/madlhof.at\/en\/wp-json\/wp\/v2\/media?parent=2380"}],"curies":[{"name":"wp","href":"https:\/\/api.w.org\/{rel}","templated":true}]}}